{"id":7824,"date":"2018-08-12T11:10:20","date_gmt":"2018-08-12T09:10:20","guid":{"rendered":"http:\/\/s447989357.online.de\/?page_id=7824"},"modified":"2023-10-17T08:38:43","modified_gmt":"2023-10-17T08:38:43","slug":"scanstationen","status":"publish","type":"page","link":"https:\/\/iq-well.info\/?page_id=7824","title":{"rendered":"Scanstationen"},"content":{"rendered":"<section class=\"l-section wpb_row height_small\"><div class=\"l-section-h i-cf\"><div class=\"g-cols vc_row type_default valign_top\"><div class=\"vc_col-sm-12 wpb_column vc_column_container\"><div class=\"vc_column-inner\"><div class=\"wpb_wrapper\"><div class=\"wpb_text_column\" ><div class=\"wpb_wrapper\"><h2 style=\"text-align: center;\"><span style=\"color: #3366ff;\">Scanstationen<\/span><\/h2>\n<\/div><\/div><\/div><\/div><\/div><\/div><\/div><\/section><section class=\"l-section wpb_row height_small with_img parallax_fixed with_overlay\"><div class=\"l-section-img\" style=\"background-image: url(https:\/\/iq-well.info\/wp-content\/uploads\/2017\/10\/iq-well-1.png);background-repeat: no-repeat;\" data-img-width=\"1920\" data-img-height=\"1080\"><\/div><div class=\"l-section-overlay\" style=\"background: rgba(255,255,255,0.50)\"><\/div><div class=\"l-section-h i-cf\"><div class=\"g-cols vc_row type_default valign_top\"><div class=\"vc_col-sm-2 wpb_column vc_column_container\"><div class=\"vc_column-inner\"><div class=\"wpb_wrapper\"><\/div><\/div><\/div><div class=\"vc_col-sm-8 wpb_column vc_column_container\"><div class=\"vc_column-inner\"><div class=\"wpb_wrapper\"><div class=\"wpb_text_column\" ><div class=\"wpb_wrapper\"><p><iframe loading=\"lazy\" src=\"https:\/\/www.google.com\/maps\/d\/embed?mid=1tJXOPUYKvwhtPJr5mzW5yN79EJ78AEK2\" width=\"640\" height=\"480\"><\/iframe><\/p>\n<\/div><\/div><div class=\"wpb_text_column\" ><div class=\"wpb_wrapper\"><p>Anfragen zu Terminen oder SCAN-M\u00f6glichkeiten in Ihrer N\u00e4he richten Sie bitte per email an: <a href=\"mailto:buero@foerder-verein-online.de\" target=\"_blank\" rel=\"noopener noreferrer\">buero@foerder-verein-online.de<\/a><\/p>\n<\/div><\/div><\/div><\/div><\/div><div class=\"vc_col-sm-2 wpb_column vc_column_container\"><div class=\"vc_column-inner\"><div class=\"wpb_wrapper\"><\/div><\/div><\/div><\/div><\/div><\/section><section class=\"l-section wpb_row height_small color_primary\"><div class=\"l-section-h i-cf\"><div class=\"g-cols vc_row type_default valign_top\"><div class=\"vc_col-sm-1\/5 wpb_column vc_column_container\"><div class=\"vc_column-inner\"><div class=\"wpb_wrapper\"><\/div><\/div><\/div><div class=\"vc_col-sm-1\/5 wpb_column vc_column_container\"><div class=\"vc_column-inner\"><div class=\"wpb_wrapper\"><\/div><\/div><\/div><\/div><\/div><\/section><section class=\"l-section wpb_row height_small color_primary\"><div class=\"l-section-h i-cf\"><div class=\"g-cols vc_row type_default valign_top\"><div class=\"vc_col-sm-1\/5 wpb_column vc_column_container\"><div class=\"vc_column-inner\"><div class=\"wpb_wrapper\"><div class=\"wpb_text_column\" ><div class=\"wpb_wrapper\"><p><strong><img decoding=\"async\" loading=\"lazy\" class=\"alignnone size-medium wp-image-8180\" src=\"https:\/\/iq-well.info\/wp-content\/uploads\/2020\/03\/logo_f\u00f6rderverein_mitglied-1-276x300.png\" alt=\"\" width=\"276\" height=\"300\" srcset=\"https:\/\/iq-well.info\/wp-content\/uploads\/2020\/03\/logo_f\u00f6rderverein_mitglied-1-276x300.png 276w, https:\/\/iq-well.info\/wp-content\/uploads\/2020\/03\/logo_f\u00f6rderverein_mitglied-1.png 433w\" sizes=\"(max-width: 276px) 100vw, 276px\" \/><\/strong><\/p>\n<p><strong>SCANStation Artern<\/strong><br \/>\nSteffi Zie\u00dfnitz (Orgaleiter)<br \/>\nBergstra\u00dfe 6<br \/>\nD-06556 Artern<br \/>\nTelefon: +49 3466 302338<br \/>\nMobil: +49 160 90979094<br \/>\nMail: info@steffi-ziessnitz.de<br \/>\nMail: team-ziessnitz@4eplus.info<br \/>\nInternet: 4eplus.info\/team\/zie\u00dfnitz<\/p>\n<\/div><\/div><\/div><\/div><\/div><div class=\"vc_col-sm-1\/5 wpb_column vc_column_container\"><div class=\"vc_column-inner\"><div class=\"wpb_wrapper\"><div class=\"wpb_text_column\" ><div class=\"wpb_wrapper\"><p><strong><img decoding=\"async\" loading=\"lazy\" class=\"alignnone size-medium wp-image-8184\" src=\"https:\/\/iq-well.info\/wp-content\/uploads\/2020\/03\/logo_qmscan-1-300x115.png\" alt=\"\" width=\"300\" height=\"115\" srcset=\"https:\/\/iq-well.info\/wp-content\/uploads\/2020\/03\/logo_qmscan-1-300x115.png 300w, https:\/\/iq-well.info\/wp-content\/uploads\/2020\/03\/logo_qmscan-1-600x231.png 600w, https:\/\/iq-well.info\/wp-content\/uploads\/2020\/03\/logo_qmscan-1.png 684w\" sizes=\"(max-width: 300px) 100vw, 300px\" \/><\/strong><\/p>\n<p><strong>SCANStation Berlin<\/strong><br \/>\nCentro Vital SPA &amp; Sport Club<br \/>\nSven Neumann<br \/>\nNeuendorfer Stra\u00dfe 25<br \/>\nD-13585 Berlin<br \/>\nTelefon: &#8211;<br \/>\nMobil: +49 173 232504<br \/>\nMail: sven.neumann@qm-scan.de<br \/>\nInternet: &#8211;<\/p>\n<\/div><\/div><\/div><\/div><\/div><div class=\"vc_col-sm-1\/5 wpb_column vc_column_container\"><div class=\"vc_column-inner\"><div class=\"wpb_wrapper\"><div class=\"wpb_text_column\" ><div class=\"wpb_wrapper\"><p><strong><img decoding=\"async\" loading=\"lazy\" class=\"alignnone size-full wp-image-8181\" src=\"https:\/\/iq-well.info\/wp-content\/uploads\/2020\/03\/logo_iqwell-1.png\" alt=\"\" width=\"196\" height=\"186\" \/><\/strong><\/p>\n<p><strong>SCANStation Gmunden<\/strong><br \/>\nMag. Danuta Gugglberger<br \/>\nTechnologiezentrum Salzkammergut<br \/>\nKrottenseestra\u00dfe 45<br \/>\nA-4810 Gmunden<br \/>\nTelefon: &#8211;<br \/>\nMobil: +43 676 5098272<br \/>\nMail: d.gug@gmx.at<br \/>\nInternet: iq-well.at<\/p>\n<\/div><\/div><\/div><\/div><\/div><div class=\"vc_col-sm-1\/5 wpb_column vc_column_container\"><div class=\"vc_column-inner\"><div class=\"wpb_wrapper\"><div class=\"wpb_text_column\" ><div class=\"wpb_wrapper\"><p><strong><img decoding=\"async\" loading=\"lazy\" class=\"alignnone size-full wp-image-8179\" src=\"https:\/\/iq-well.info\/wp-content\/uploads\/2020\/03\/logo_f\u00f6rderverein-1.png\" alt=\"\" width=\"206\" height=\"234\" \/><\/strong><\/p>\n<p><strong>SCANStation Brilon<\/strong><br \/>\nB\u00fcro des F\u00f6rderverein f\u00fcr Gesundheit, Vitalit\u00e4t und Lebensqualit\u00e4t e.V.<br \/>\nD-59929 Brilon<br \/>\nTelefon: +49 2961 9118107<br \/>\nMobil: &#8211;<br \/>\nMail: buero@foerder-verein-online.de<br \/>\nInternet: 4Eplus.info<\/p>\n<\/div><\/div><\/div><\/div><\/div><div class=\"vc_col-sm-1\/5 wpb_column vc_column_container\"><div class=\"vc_column-inner\"><div class=\"wpb_wrapper\"><div class=\"wpb_text_column\" ><div class=\"wpb_wrapper\"><p><strong><img decoding=\"async\" loading=\"lazy\" class=\"alignnone size-medium wp-image-8187\" src=\"https:\/\/iq-well.info\/wp-content\/uploads\/2020\/03\/logo_wittor-1-288x300.png\" alt=\"\" width=\"288\" height=\"300\" srcset=\"https:\/\/iq-well.info\/wp-content\/uploads\/2020\/03\/logo_wittor-1-288x300.png 288w, https:\/\/iq-well.info\/wp-content\/uploads\/2020\/03\/logo_wittor-1.png 455w\" sizes=\"(max-width: 288px) 100vw, 288px\" \/><\/strong><\/p>\n<p><strong>SCANStation Hildesheim<\/strong><br \/>\nSabine Wittor<br \/>\nLindenstra\u00dfe 23<br \/>\nD-31135 Hildesheim<br \/>\nTelefon: &#8211;<br \/>\nMobil: +49 175 2581992<br \/>\nMail: natur4you@gmx.de<br \/>\nInternet: &#8211;<\/p>\n<\/div><\/div><\/div><\/div><\/div><\/div><\/div><\/section><section class=\"l-section wpb_row height_small color_primary\"><div class=\"l-section-h i-cf\"><div class=\"g-cols vc_row type_default valign_top\"><div class=\"vc_col-sm-1\/5 wpb_column vc_column_container\"><div class=\"vc_column-inner\"><div class=\"wpb_wrapper\"><div class=\"wpb_text_column\" ><div class=\"wpb_wrapper\"><p><strong><img decoding=\"async\" loading=\"lazy\" class=\"alignnone wp-image-45 size-full\" src=\"https:\/\/iq-well.info\/wp-content\/uploads\/2020\/06\/logo-original.png\" alt=\"\" width=\"196\" height=\"186\" \/><\/strong><\/p>\n<p><strong>SCANStation Siegen<\/strong><br \/>\nAnja Kringe<br \/>\nStormstra\u00dfe . 18<br \/>\nD-57078 Siegen<br \/>\nTelefon: &#8211;<br \/>\nMobil: +49 160 97395908<br \/>\nMail:\u00a0<a tabindex=\"0\" href=\"mailto:gesundheitinbalance-siegen@web.de\" target=\"_blank\" rel=\"nofollow noopener\">gesundheitinbalance-siegen@web.de<\/a><br \/>\nInternet: gesundheitinbalance-siegen.de<\/p>\n<\/div><\/div><\/div><\/div><\/div><div class=\"vc_col-sm-1\/5 wpb_column vc_column_container\"><div class=\"vc_column-inner\"><div class=\"wpb_wrapper\"><div class=\"wpb_text_column\" ><div class=\"wpb_wrapper\"><p><strong><img decoding=\"async\" loading=\"lazy\" class=\"alignnone size-medium wp-image-8176\" src=\"https:\/\/iq-well.info\/wp-content\/uploads\/2020\/03\/logo_daniels-300x272.jpg\" alt=\"\" width=\"300\" height=\"272\" srcset=\"https:\/\/iq-well.info\/wp-content\/uploads\/2020\/03\/logo_daniels-300x272.jpg 300w, https:\/\/iq-well.info\/wp-content\/uploads\/2020\/03\/logo_daniels.jpg 500w\" sizes=\"(max-width: 300px) 100vw, 300px\" \/><\/strong><\/p>\n<p><strong>SCANStation M\u00f6nchengladbach<\/strong><br \/>\nKarin Daniels<br \/>\nSch\u00e4ferstra\u00dfe 18<br \/>\nD-41239 M\u00f6nchengladbach<br \/>\nTelefon: +49 172 5939425<br \/>\nMail: balance.kd@gmx.de<br \/>\nInternet: 4eplus.info\/team\/daniels<br \/>\nInternet: vitalinbalance-mg.de<\/p>\n<\/div><\/div><\/div><\/div><\/div><div class=\"vc_col-sm-1\/5 wpb_column vc_column_container\"><div class=\"vc_column-inner\"><div class=\"wpb_wrapper\"><div class=\"wpb_text_column\" ><div class=\"wpb_wrapper\"><p><strong><img decoding=\"async\" loading=\"lazy\" class=\"alignnone size-medium wp-image-8182\" src=\"https:\/\/iq-well.info\/wp-content\/uploads\/2020\/03\/logo_liweschki-1-300x180.png\" alt=\"\" width=\"300\" height=\"180\" srcset=\"https:\/\/iq-well.info\/wp-content\/uploads\/2020\/03\/logo_liweschki-1-300x180.png 300w, https:\/\/iq-well.info\/wp-content\/uploads\/2020\/03\/logo_liweschki-1-600x361.png 600w, https:\/\/iq-well.info\/wp-content\/uploads\/2020\/03\/logo_liweschki-1.png 684w\" sizes=\"(max-width: 300px) 100vw, 300px\" \/><\/strong><\/p>\n<p><strong>SCANStation Drensteinfurt<\/strong><br \/>\nDieter Lischewski<br \/>\nVital- und Ern\u00e4hrungscoach<br \/>\nViehfeldstrasse 10<br \/>\nD-48317 Drensteinfurt<br \/>\nTelefon: +49 178 4110291<br \/>\nMail: info@lischewski.com<br \/>\nInternet: lischewski.com<\/p>\n<\/div><\/div><\/div><\/div><\/div><div class=\"vc_col-sm-1\/5 wpb_column vc_column_container\"><div class=\"vc_column-inner\"><div class=\"wpb_wrapper\"><div class=\"wpb_text_column\" ><div class=\"wpb_wrapper\"><p><strong><img decoding=\"async\" loading=\"lazy\" class=\"alignnone size-medium wp-image-8189\" src=\"https:\/\/iq-well.info\/wp-content\/uploads\/2020\/03\/Mitglieds-Logo-F\u00f6rder-Verein-265x300.jpg\" alt=\"\" width=\"265\" height=\"300\" srcset=\"https:\/\/iq-well.info\/wp-content\/uploads\/2020\/03\/Mitglieds-Logo-F\u00f6rder-Verein-265x300.jpg 265w, https:\/\/iq-well.info\/wp-content\/uploads\/2020\/03\/Mitglieds-Logo-F\u00f6rder-Verein.jpg 550w\" sizes=\"(max-width: 265px) 100vw, 265px\" \/><\/strong><\/p>\n<p><strong>SCANStation Hagen<\/strong><br \/>\nWolfgang Hoffmeyer<br \/>\nSch\u00fclinghauser Stra\u00dfe 29<br \/>\nD-58135 Hagen<br \/>\nTelefon: +49 2331 3764116<br \/>\nMobil: +49 176 322 90 162<br \/>\nMail: whmr@me.com<br \/>\nInternet: 4Eplus.info\/team\/hoffmeyer<\/p>\n<\/div><\/div><\/div><\/div><\/div><div class=\"vc_col-sm-1\/5 wpb_column vc_column_container\"><div class=\"vc_column-inner\"><div class=\"wpb_wrapper\"><div class=\"wpb_text_column\" ><div class=\"wpb_wrapper\"><p><strong><img decoding=\"async\" loading=\"lazy\" class=\"alignnone size-medium wp-image-8189\" src=\"https:\/\/iq-well.info\/wp-content\/uploads\/2020\/03\/Mitglieds-Logo-F\u00f6rder-Verein-265x300.jpg\" alt=\"\" width=\"265\" height=\"300\" srcset=\"https:\/\/iq-well.info\/wp-content\/uploads\/2020\/03\/Mitglieds-Logo-F\u00f6rder-Verein-265x300.jpg 265w, https:\/\/iq-well.info\/wp-content\/uploads\/2020\/03\/Mitglieds-Logo-F\u00f6rder-Verein.jpg 550w\" sizes=\"(max-width: 265px) 100vw, 265px\" \/><\/strong><\/p>\n<p><strong>SCANStation Mainhausen<\/strong><br \/>\nKerstin und Michael Stegmann<br \/>\nRingstra\u00dfe 18<br \/>\nD-63533 Mainhausen<br \/>\nTelefon: +49 6182 22328<br \/>\nMobil: +49 171 2788913<br \/>\nMobil: +49 151 20058694<br \/>\nMail: Kerstin.Stegmann22@gmx.de<br \/>\nMail: k.stegbergmann@arcor.de<br \/>\nInternet: 4eplus.info\/team\/steg-bergmann<\/p>\n<\/div><\/div><\/div><\/div><\/div><\/div><\/div><\/section><section class=\"l-section wpb_row height_small color_primary\"><div class=\"l-section-h i-cf\"><div class=\"g-cols vc_row type_default valign_top\"><div class=\"vc_col-sm-1\/5 wpb_column vc_column_container\"><div class=\"vc_column-inner\"><div class=\"wpb_wrapper\"><div class=\"wpb_text_column\" ><div class=\"wpb_wrapper\"><p><strong><img decoding=\"async\" loading=\"lazy\" class=\"alignnone size-medium wp-image-8189\" src=\"https:\/\/iq-well.info\/wp-content\/uploads\/2020\/03\/Mitglieds-Logo-F\u00f6rder-Verein-265x300.jpg\" alt=\"\" width=\"265\" height=\"300\" srcset=\"https:\/\/iq-well.info\/wp-content\/uploads\/2020\/03\/Mitglieds-Logo-F\u00f6rder-Verein-265x300.jpg 265w, https:\/\/iq-well.info\/wp-content\/uploads\/2020\/03\/Mitglieds-Logo-F\u00f6rder-Verein.jpg 550w\" sizes=\"(max-width: 265px) 100vw, 265px\" \/><\/strong><\/p>\n<p><strong>SCANStation Wei\u00dfenfels<\/strong><br \/>\nFamilie Kuch<br \/>\nRo\u00dfbacher Stra\u00dfe 48<br \/>\nD-06667 Wei\u00dfenfels<br \/>\nTelefon: 00 49 157 82022211<br \/>\nMobil:<br \/>\nMail:\u00a0kuch@live-better24.de<br \/>\nInternet: demo.live-better24.de<\/p>\n<\/div><\/div><\/div><\/div><\/div><div class=\"vc_col-sm-1\/5 wpb_column vc_column_container\"><div class=\"vc_column-inner\"><div class=\"wpb_wrapper\"><div class=\"wpb_text_column\" ><div class=\"wpb_wrapper\"><p><strong><img decoding=\"async\" loading=\"lazy\" class=\"alignnone size-medium wp-image-8189\" src=\"https:\/\/iq-well.info\/wp-content\/uploads\/2020\/03\/Mitglieds-Logo-F\u00f6rder-Verein-265x300.jpg\" alt=\"\" width=\"265\" height=\"300\" srcset=\"https:\/\/iq-well.info\/wp-content\/uploads\/2020\/03\/Mitglieds-Logo-F\u00f6rder-Verein-265x300.jpg 265w, https:\/\/iq-well.info\/wp-content\/uploads\/2020\/03\/Mitglieds-Logo-F\u00f6rder-Verein.jpg 550w\" sizes=\"(max-width: 265px) 100vw, 265px\" \/><\/strong><\/p>\n<p><strong>SCANstation Ried<\/strong><br \/>\nReichenberg &amp; Pachner GesbR<br \/>\nMartina Reichenberg &amp; Gernot Pachner<br \/>\nHaagerstrasse 6<br \/>\nAT 4910 Ried<br \/>\nTel 1: +43 660 6881255<br \/>\nTel 2: +43 699 13156633<br \/>\nEmail:\u00a0<a href=\"mailto:gernot.pachner@gmail.com\" target=\"_blank\" rel=\"nofollow noopener noreferrer\">gernot.pachner@gmail.com<\/a><\/p>\n<\/div><\/div><\/div><\/div><\/div><div class=\"vc_col-sm-1\/5 wpb_column vc_column_container\"><div class=\"vc_column-inner\"><div class=\"wpb_wrapper\"><div class=\"wpb_text_column\" ><div class=\"wpb_wrapper\"><p><strong><img decoding=\"async\" loading=\"lazy\" class=\"alignnone size-medium wp-image-8189\" src=\"https:\/\/iq-well.info\/wp-content\/uploads\/2020\/03\/Mitglieds-Logo-F\u00f6rder-Verein-265x300.jpg\" alt=\"\" width=\"265\" height=\"300\" srcset=\"https:\/\/iq-well.info\/wp-content\/uploads\/2020\/03\/Mitglieds-Logo-F\u00f6rder-Verein-265x300.jpg 265w, https:\/\/iq-well.info\/wp-content\/uploads\/2020\/03\/Mitglieds-Logo-F\u00f6rder-Verein.jpg 550w\" sizes=\"(max-width: 265px) 100vw, 265px\" \/><\/strong><\/p>\n<p><strong>SCANstation Wuppertal<\/strong><br \/>\nPeter Moeselaken<br \/>\nHaspeler Schulstra\u00dfe 11<br \/>\nD-42285 Wuppertal<br \/>\nTel 1: 020249584770<br \/>\nTel 2: 017662229997<br \/>\nEmail:<\/p>\n<\/div><\/div><\/div><\/div><\/div><div class=\"vc_col-sm-1\/5 wpb_column vc_column_container\"><div class=\"vc_column-inner\"><div class=\"wpb_wrapper\"><\/div><\/div><\/div><div class=\"vc_col-sm-1\/5 wpb_column vc_column_container\"><div class=\"vc_column-inner\"><div class=\"wpb_wrapper\"><\/div><\/div><\/div><\/div><\/div><\/section>\n","protected":false},"excerpt":{"rendered":"Scanstationen Anfragen zu Terminen oder SCAN-M\u00f6glichkeiten in Ihrer N\u00e4he richten Sie bitte per email an: buero@foerder-verein-online.de SCANStation Artern Steffi Zie\u00dfnitz (Orgaleiter) Bergstra\u00dfe 6 D-06556 Artern Telefon: +49 3466 302338 Mobil: +49 160 90979094 Mail: info@steffi-ziessnitz.de Mail: team-ziessnitz@4eplus.info Internet: 4eplus.info\/team\/zie\u00dfnitz SCANStation Berlin Centro Vital SPA &amp; Sport Club Sven Neumann Neuendorfer Stra\u00dfe 25 D-13585 Berlin Telefon:...","protected":false},"author":1,"featured_media":0,"parent":0,"menu_order":0,"comment_status":"closed","ping_status":"closed","template":"","meta":{"footnotes":""},"_links":{"self":[{"href":"https:\/\/iq-well.info\/index.php?rest_route=\/wp\/v2\/pages\/7824"}],"collection":[{"href":"https:\/\/iq-well.info\/index.php?rest_route=\/wp\/v2\/pages"}],"about":[{"href":"https:\/\/iq-well.info\/index.php?rest_route=\/wp\/v2\/types\/page"}],"author":[{"embeddable":true,"href":"https:\/\/iq-well.info\/index.php?rest_route=\/wp\/v2\/users\/1"}],"replies":[{"embeddable":true,"href":"https:\/\/iq-well.info\/index.php?rest_route=%2Fwp%2Fv2%2Fcomments&post=7824"}],"version-history":[{"count":19,"href":"https:\/\/iq-well.info\/index.php?rest_route=\/wp\/v2\/pages\/7824\/revisions"}],"predecessor-version":[{"id":8457,"href":"https:\/\/iq-well.info\/index.php?rest_route=\/wp\/v2\/pages\/7824\/revisions\/8457"}],"wp:attachment":[{"href":"https:\/\/iq-well.info\/index.php?rest_route=%2Fwp%2Fv2%2Fmedia&parent=7824"}],"curies":[{"name":"wp","href":"https:\/\/api.w.org\/{rel}","templated":true}]}}