{"id":8298,"date":"2020-06-19T08:31:18","date_gmt":"2020-06-19T08:31:18","guid":{"rendered":"https:\/\/iq-well.info\/?page_id=8298"},"modified":"2020-06-19T08:43:05","modified_gmt":"2020-06-19T08:43:05","slug":"wasser-was-ist-lebendiges-wasser","status":"publish","type":"page","link":"https:\/\/iq-well.info\/?page_id=8298","title":{"rendered":"Wasser &#8211; Was ist lebendiges Wasser"},"content":{"rendered":"<section class=\"l-section wpb_row height_small\"><div class=\"l-section-h i-cf\"><div class=\"g-cols vc_row type_default valign_top\"><div class=\"vc_col-sm-12 wpb_column vc_column_container animate_afl\" style=\"animation-delay:0.2s;\"><div class=\"vc_column-inner\"><div class=\"wpb_wrapper\"><div class=\"wpb_text_column\" ><div class=\"wpb_wrapper\"><div id=\"u99126-7\" class=\"IQ-WELL-Standarttext Text-Color-Lighter-Shade clearfix colelem\" style=\"text-align: justify;\">\n<h2 id=\"u99086-2\" style=\"text-align: center;\"><span style=\"color: #3366ff;\">Was ist lebendiges Wasser?<\/span><\/h2>\n<p style=\"text-align: justify;\">Wasser ist der Ursprung und das Elixier des Lebens, der Hauptbestandteil unseres K\u00f6rpers und unser wichtigstes Nahrungsmittel mit weitreichenden Auswirkungen auf unsere Gesundheit.<\/p>\n<\/div>\n<\/div><\/div><\/div><\/div><\/div><\/div><\/div><\/section><section class=\"l-section wpb_row height_small color_footer-bottom with_img parallax_fixed with_overlay\"><div class=\"l-section-img\" style=\"background-image: url(https:\/\/iq-well.info\/wp-content\/uploads\/2017\/10\/iq-well-1.png);\" data-img-width=\"1920\" data-img-height=\"1080\"><\/div><div class=\"l-section-overlay\" style=\"background: rgba(255,255,255,0.5)\"><\/div><div class=\"l-section-h i-cf\"><div class=\"g-cols vc_row type_default valign_top\"><div class=\"vc_col-sm-12 wpb_column vc_column_container animate_afc\" style=\"animation-delay:0.2s;\"><div class=\"vc_column-inner\"><div class=\"wpb_wrapper\"><div class=\"w-image style_outlined align_center animate_afc\"><div class=\"w-image-h\"><img width=\"246\" height=\"400\" src=\"https:\/\/iq-well.info\/wp-content\/uploads\/2017\/11\/strukturiertes_wasser_2-1.jpg\" class=\"attachment-full size-full\" alt=\"\" decoding=\"async\" loading=\"lazy\" srcset=\"https:\/\/iq-well.info\/wp-content\/uploads\/2017\/11\/strukturiertes_wasser_2-1.jpg 246w, https:\/\/iq-well.info\/wp-content\/uploads\/2017\/11\/strukturiertes_wasser_2-1-185x300.jpg 185w\" sizes=\"(max-width: 246px) 100vw, 246px\" \/><\/div><\/div><\/div><\/div><\/div><\/div><\/div><\/section><section class=\"l-section wpb_row height_small\"><div class=\"l-section-h i-cf\"><div class=\"g-cols vc_row type_default valign_top\"><div class=\"vc_col-sm-12 wpb_column vc_column_container animate_afl\" style=\"animation-delay:0.2s;\"><div class=\"vc_column-inner\"><div class=\"wpb_wrapper\"><div class=\"wpb_text_column\" ><div class=\"wpb_wrapper\"><div id=\"u99126-7\" class=\"IQ-WELL-Standarttext Text-Color-Lighter-Shade clearfix colelem\">\n<p id=\"u99086-2\">Der Begriff \u201elebendiges Wasser\u201c ist die Bezeichnung f\u00fcr \u201ebiologisch aktives Wasser\u201c. Nach Ansicht von Viktor Schauberger st\u00e4rkt solch ein biologisch aktives Wasser das Immunsystem und f\u00f6rdert die N\u00e4hrstoffaufnahme in der Zelle. Da zwei Drittel unseres K\u00f6rperwassers in der Zelle sind, geht es darum, das Wasser sicher in die Zelle zu bringen.<\/p>\n<\/div>\n<\/div><\/div><\/div><\/div><\/div><\/div><\/div><\/section>\n","protected":false},"excerpt":{"rendered":"Was ist lebendiges Wasser? Wasser ist der Ursprung und das Elixier des Lebens, der Hauptbestandteil unseres K\u00f6rpers und unser wichtigstes Nahrungsmittel mit weitreichenden Auswirkungen auf unsere Gesundheit. Der Begriff \u201elebendiges Wasser\u201c ist die Bezeichnung f\u00fcr \u201ebiologisch aktives Wasser\u201c. Nach Ansicht von Viktor Schauberger st\u00e4rkt solch ein biologisch aktives Wasser das Immunsystem und f\u00f6rdert die N\u00e4hrstoffaufnahme...","protected":false},"author":1,"featured_media":0,"parent":0,"menu_order":0,"comment_status":"closed","ping_status":"closed","template":"","meta":{"footnotes":""},"_links":{"self":[{"href":"https:\/\/iq-well.info\/index.php?rest_route=\/wp\/v2\/pages\/8298"}],"collection":[{"href":"https:\/\/iq-well.info\/index.php?rest_route=\/wp\/v2\/pages"}],"about":[{"href":"https:\/\/iq-well.info\/index.php?rest_route=\/wp\/v2\/types\/page"}],"author":[{"embeddable":true,"href":"https:\/\/iq-well.info\/index.php?rest_route=\/wp\/v2\/users\/1"}],"replies":[{"embeddable":true,"href":"https:\/\/iq-well.info\/index.php?rest_route=%2Fwp%2Fv2%2Fcomments&post=8298"}],"version-history":[{"count":4,"href":"https:\/\/iq-well.info\/index.php?rest_route=\/wp\/v2\/pages\/8298\/revisions"}],"predecessor-version":[{"id":8311,"href":"https:\/\/iq-well.info\/index.php?rest_route=\/wp\/v2\/pages\/8298\/revisions\/8311"}],"wp:attachment":[{"href":"https:\/\/iq-well.info\/index.php?rest_route=%2Fwp%2Fv2%2Fmedia&parent=8298"}],"curies":[{"name":"wp","href":"https:\/\/api.w.org\/{rel}","templated":true}]}}