{"id":8301,"date":"2020-06-19T08:51:01","date_gmt":"2020-06-19T08:51:01","guid":{"rendered":"https:\/\/iq-well.info\/?page_id=8301"},"modified":"2020-06-19T08:51:01","modified_gmt":"2020-06-19T08:51:01","slug":"wasser-universitaet-lueftet-geheimnis-um-wasser","status":"publish","type":"page","link":"https:\/\/iq-well.info\/?page_id=8301","title":{"rendered":"Wasser &#8211; Universit\u00e4t l\u00fcftet Geheimnis um Wasser"},"content":{"rendered":"<section class=\"l-section wpb_row height_small\"><div class=\"l-section-h i-cf\"><div class=\"g-cols vc_row type_default valign_top\"><div class=\"vc_col-sm-12 wpb_column vc_column_container animate_afl\" style=\"animation-delay:0.2s;\"><div class=\"vc_column-inner\"><div class=\"wpb_wrapper\"><div class=\"wpb_text_column\" ><div class=\"wpb_wrapper\"><div id=\"u99126-7\" class=\"IQ-WELL-Standarttext Text-Color-Lighter-Shade clearfix colelem\">\n<h2 id=\"u99086-2\" style=\"text-align: center;\"><span style=\"color: #3366ff;\">Universit\u00e4t l\u00fcftet Geheimnisse um Wasser<\/span><\/h2>\n<p id=\"u99086-5\" style=\"text-align: justify;\">Wasser &#8211; ein Mysterium<\/p>\n<\/div>\n<\/div><\/div><\/div><\/div><\/div><\/div><\/div><\/section><section class=\"l-section wpb_row height_small color_footer-bottom with_img parallax_fixed with_overlay\"><div class=\"l-section-img\" style=\"background-image: url(https:\/\/iq-well.info\/wp-content\/uploads\/2017\/10\/iq-well-1.png);\" data-img-width=\"1920\" data-img-height=\"1080\"><\/div><div class=\"l-section-overlay\" style=\"background: rgba(255,255,255,0.5)\"><\/div><div class=\"l-section-h i-cf\"><div class=\"g-cols vc_row type_default valign_top\"><div class=\"vc_col-sm-12 wpb_column vc_column_container animate_afc\" style=\"animation-delay:0.2s;\"><div class=\"vc_column-inner\"><div class=\"wpb_wrapper\"><div class=\"w-image style_outlined align_center animate_afc\"><div class=\"w-image-h\"><img width=\"667\" height=\"400\" src=\"https:\/\/iq-well.info\/wp-content\/uploads\/2017\/11\/strukturiertes_wasser_3-1.jpg\" class=\"attachment-full size-full\" alt=\"\" decoding=\"async\" loading=\"lazy\" srcset=\"https:\/\/iq-well.info\/wp-content\/uploads\/2017\/11\/strukturiertes_wasser_3-1.jpg 667w, https:\/\/iq-well.info\/wp-content\/uploads\/2017\/11\/strukturiertes_wasser_3-1-300x180.jpg 300w, https:\/\/iq-well.info\/wp-content\/uploads\/2017\/11\/strukturiertes_wasser_3-1-600x360.jpg 600w\" sizes=\"(max-width: 667px) 100vw, 667px\" \/><\/div><\/div><\/div><\/div><\/div><\/div><\/div><\/section><section class=\"l-section wpb_row height_small\"><div class=\"l-section-h i-cf\"><div class=\"g-cols vc_row type_default valign_top\"><div class=\"vc_col-sm-12 wpb_column vc_column_container animate_afl\" style=\"animation-delay:0.2s;\"><div class=\"vc_column-inner\"><div class=\"wpb_wrapper\"><div class=\"wpb_text_column\" ><div class=\"wpb_wrapper\"><div id=\"u99126-7\" class=\"IQ-WELL-Standarttext Text-Color-Lighter-Shade clearfix colelem\">\n<p id=\"u99100-2\" style=\"text-align: justify;\">Trotz 200 Jahren Wasserforschung ist es der Wissenschaft bisher nicht gelungen, das\u00a0 Wasser wirklich zu verstehen. An der Universit\u00e4t Washington wurde ein vierter Zustand des Wassers entdeckt, der nicht nur chemische Anomalien, sondern auch die Wirkung von energetisierten W\u00e4sser erkl\u00e4ren k\u00f6nnte.<\/p>\n<h3 id=\"u99100-5\" style=\"text-align: center;\"><span style=\"color: #3366ff;\">Die Entdeckung des hexagonalen Wassers.<\/span><\/h3>\n<\/div>\n<\/div><\/div><\/div><\/div><\/div><\/div><\/div><\/section><section class=\"l-section wpb_row height_small color_footer-bottom with_img parallax_fixed with_overlay\"><div class=\"l-section-img\" style=\"background-image: url(https:\/\/iq-well.info\/wp-content\/uploads\/2017\/10\/iq-well-1.png);\" data-img-width=\"1920\" data-img-height=\"1080\"><\/div><div class=\"l-section-overlay\" style=\"background: rgba(255,255,255,0.5)\"><\/div><div class=\"l-section-h i-cf\"><div class=\"g-cols vc_row type_default valign_top\"><div class=\"vc_col-sm-12 wpb_column vc_column_container animate_afc\" style=\"animation-delay:0.2s;\"><div class=\"vc_column-inner\"><div class=\"wpb_wrapper\"><div class=\"w-image style_outlined align_center animate_afc\"><div class=\"w-image-h\"><img width=\"749\" height=\"400\" src=\"https:\/\/iq-well.info\/wp-content\/uploads\/2017\/11\/strukturiertes_wasser_4-1.jpg\" class=\"attachment-full size-full\" alt=\"\" decoding=\"async\" loading=\"lazy\" srcset=\"https:\/\/iq-well.info\/wp-content\/uploads\/2017\/11\/strukturiertes_wasser_4-1.jpg 749w, https:\/\/iq-well.info\/wp-content\/uploads\/2017\/11\/strukturiertes_wasser_4-1-300x160.jpg 300w, https:\/\/iq-well.info\/wp-content\/uploads\/2017\/11\/strukturiertes_wasser_4-1-600x320.jpg 600w\" sizes=\"(max-width: 749px) 100vw, 749px\" \/><\/div><\/div><\/div><\/div><\/div><\/div><\/div><\/section><section class=\"l-section wpb_row height_small\"><div class=\"l-section-h i-cf\"><div class=\"g-cols vc_row type_default valign_top\"><div class=\"vc_col-sm-12 wpb_column vc_column_container animate_afl\" style=\"animation-delay:0.2s;\"><div class=\"vc_column-inner\"><div class=\"wpb_wrapper\"><div class=\"wpb_text_column\" ><div class=\"wpb_wrapper\"><div id=\"u99126-7\" class=\"IQ-WELL-Standarttext Text-Color-Lighter-Shade clearfix colelem\">\n<h3 id=\"u99101-2\" style=\"text-align: center;\"><span style=\"color: #3366ff;\">&#8222;Vierter Aggregatzustand des Wassers entdeckt.&#8220;<\/span><\/h3>\n<p id=\"u99101-5\">Ein\u00a0 Forschungsteam an der Universit\u00e4t Washington k\u00f6nnte das Geheimnis des Wassers gel\u00fcftet haben. Das Team um Gerald Pollack entdeckte einen vierten Aggregatzustand des Wassers: Neben fest, fl\u00fcssig und gasf\u00f6rmig konnten die Forscher einen vierten Zustand identifizieren, in dem sich die Molek\u00fcle des fl\u00fcssigen Wassers zu einem hexagonalen \u201eKristallgitter&#8220; anordnen.<\/p>\n<\/div>\n<\/div><\/div><\/div><\/div><\/div><\/div><\/div><\/section><section class=\"l-section wpb_row height_small color_footer-bottom with_img parallax_fixed with_overlay\"><div class=\"l-section-img\" style=\"background-image: url(https:\/\/iq-well.info\/wp-content\/uploads\/2017\/10\/iq-well-1.png);\" data-img-width=\"1920\" data-img-height=\"1080\"><\/div><div class=\"l-section-overlay\" style=\"background: rgba(255,255,255,0.5)\"><\/div><div class=\"l-section-h i-cf\"><div class=\"g-cols vc_row type_default valign_top\"><div class=\"vc_col-sm-12 wpb_column vc_column_container animate_afc\" style=\"animation-delay:0.2s;\"><div class=\"vc_column-inner\"><div class=\"wpb_wrapper\"><div class=\"w-image style_outlined align_center animate_afc\"><div class=\"w-image-h\"><img width=\"478\" height=\"400\" src=\"https:\/\/iq-well.info\/wp-content\/uploads\/2017\/11\/strukturiertes_wasser_5-1.jpg\" class=\"attachment-full size-full\" alt=\"\" decoding=\"async\" loading=\"lazy\" srcset=\"https:\/\/iq-well.info\/wp-content\/uploads\/2017\/11\/strukturiertes_wasser_5-1.jpg 478w, https:\/\/iq-well.info\/wp-content\/uploads\/2017\/11\/strukturiertes_wasser_5-1-300x251.jpg 300w\" sizes=\"(max-width: 478px) 100vw, 478px\" \/><\/div><\/div><\/div><\/div><\/div><\/div><\/div><\/section><section class=\"l-section wpb_row height_small\"><div class=\"l-section-h i-cf\"><div class=\"g-cols vc_row type_default valign_top\"><div class=\"vc_col-sm-12 wpb_column vc_column_container animate_afl\" style=\"animation-delay:0.2s;\"><div class=\"vc_column-inner\"><div class=\"wpb_wrapper\"><div class=\"wpb_text_column\" ><div class=\"wpb_wrapper\"><div id=\"u99126-7\" class=\"IQ-WELL-Standarttext Text-Color-Lighter-Shade clearfix colelem\">\n<p id=\"u99101-2\">Die Molek\u00fcle des Wassers gaben Protonen ab und ordneten sich in einem erstaunlich stabilen, hexagonalen Gitter &#8211; eine Struktur, die auch in Eis und einigen Kristallen vorkommt. Geordnetes &#8211; STRUKTURIERTES\u00a0 Wasser ist lebendiges Wasser und ist die Grundlage der Gesundheit. Chemische Reinheit, wie sie durch Filterung erreicht wird, ist ein erster Schritt, aber tats\u00e4chlich legten Forschungen nahe, dass es einen zweiten Schritt zu geben scheint, der das reine Wasser strukturell neu ordnet und in hexagonales Wasser verwandelt.<\/p>\n<\/div>\n<\/div><\/div><\/div><\/div><\/div><\/div><\/div><\/section>\n","protected":false},"excerpt":{"rendered":"Universit\u00e4t l\u00fcftet Geheimnisse um Wasser Wasser &#8211; ein Mysterium Trotz 200 Jahren Wasserforschung ist es der Wissenschaft bisher nicht gelungen, das\u00a0 Wasser wirklich zu verstehen. An der Universit\u00e4t Washington wurde ein vierter Zustand des Wassers entdeckt, der nicht nur chemische Anomalien, sondern auch die Wirkung von energetisierten W\u00e4sser erkl\u00e4ren k\u00f6nnte. Die Entdeckung des hexagonalen Wassers....","protected":false},"author":1,"featured_media":0,"parent":0,"menu_order":0,"comment_status":"closed","ping_status":"closed","template":"","meta":{"footnotes":""},"_links":{"self":[{"href":"https:\/\/iq-well.info\/index.php?rest_route=\/wp\/v2\/pages\/8301"}],"collection":[{"href":"https:\/\/iq-well.info\/index.php?rest_route=\/wp\/v2\/pages"}],"about":[{"href":"https:\/\/iq-well.info\/index.php?rest_route=\/wp\/v2\/types\/page"}],"author":[{"embeddable":true,"href":"https:\/\/iq-well.info\/index.php?rest_route=\/wp\/v2\/users\/1"}],"replies":[{"embeddable":true,"href":"https:\/\/iq-well.info\/index.php?rest_route=%2Fwp%2Fv2%2Fcomments&post=8301"}],"version-history":[{"count":1,"href":"https:\/\/iq-well.info\/index.php?rest_route=\/wp\/v2\/pages\/8301\/revisions"}],"predecessor-version":[{"id":8312,"href":"https:\/\/iq-well.info\/index.php?rest_route=\/wp\/v2\/pages\/8301\/revisions\/8312"}],"wp:attachment":[{"href":"https:\/\/iq-well.info\/index.php?rest_route=%2Fwp%2Fv2%2Fmedia&parent=8301"}],"curies":[{"name":"wp","href":"https:\/\/api.w.org\/{rel}","templated":true}]}}