{"id":8304,"date":"2020-06-19T09:05:09","date_gmt":"2020-06-19T09:05:09","guid":{"rendered":"https:\/\/iq-well.info\/?page_id=8304"},"modified":"2020-06-19T09:05:48","modified_gmt":"2020-06-19T09:05:48","slug":"wasser-gedaechtnis-des-wassers","status":"publish","type":"page","link":"https:\/\/iq-well.info\/?page_id=8304","title":{"rendered":"Wasser &#8211; Ged\u00e4chtnis des Wassers"},"content":{"rendered":"<section class=\"l-section wpb_row height_small\"><div class=\"l-section-h i-cf\"><div class=\"g-cols vc_row type_default valign_top\"><div class=\"vc_col-sm-12 wpb_column vc_column_container animate_afl\" style=\"animation-delay:0.2s;\"><div class=\"vc_column-inner\"><div class=\"wpb_wrapper\"><div class=\"wpb_text_column\" ><div class=\"wpb_wrapper\"><h2 id=\"u99126-7\" class=\"IQ-WELL-Standarttext Text-Color-Lighter-Shade clearfix colelem\" style=\"text-align: center;\"><span style=\"color: #3366ff;\">Ged\u00e4chtnis des Wassers<\/span><\/h2>\n<\/div><\/div><\/div><\/div><\/div><\/div><\/div><\/section><section class=\"l-section wpb_row height_small color_footer-bottom with_img parallax_fixed with_overlay\"><div class=\"l-section-img\" style=\"background-image: url(https:\/\/iq-well.info\/wp-content\/uploads\/2017\/10\/iq-well-1.png);\" data-img-width=\"1920\" data-img-height=\"1080\"><\/div><div class=\"l-section-overlay\" style=\"background: rgba(255,255,255,0.5)\"><\/div><div class=\"l-section-h i-cf\"><div class=\"g-cols vc_row type_default valign_top\"><div class=\"vc_col-sm-12 wpb_column vc_column_container animate_afc\" style=\"animation-delay:0.2s;\"><div class=\"vc_column-inner\"><div class=\"wpb_wrapper\"><div class=\"w-image style_outlined align_center\"><div class=\"w-image-h\"><img width=\"566\" height=\"400\" src=\"https:\/\/iq-well.info\/wp-content\/uploads\/2017\/11\/strukturiertes_wasser_9-1.jpg\" class=\"attachment-full size-full\" alt=\"\" decoding=\"async\" loading=\"lazy\" srcset=\"https:\/\/iq-well.info\/wp-content\/uploads\/2017\/11\/strukturiertes_wasser_9-1.jpg 566w, https:\/\/iq-well.info\/wp-content\/uploads\/2017\/11\/strukturiertes_wasser_9-1-300x212.jpg 300w\" sizes=\"(max-width: 566px) 100vw, 566px\" \/><\/div><\/div><\/div><\/div><\/div><\/div><\/div><\/section><section class=\"l-section wpb_row height_small\"><div class=\"l-section-h i-cf\"><div class=\"g-cols vc_row type_default valign_top\"><div class=\"vc_col-sm-12 wpb_column vc_column_container animate_afl\" style=\"animation-delay:0.2s;\"><div class=\"vc_column-inner\"><div class=\"wpb_wrapper\"><div class=\"wpb_text_column\" ><div class=\"wpb_wrapper\"><p id=\"u99126-7\" class=\"IQ-WELL-Standarttext Text-Color-Lighter-Shade clearfix colelem\" style=\"text-align: justify;\">Wenn Wasser tats\u00e4chlich nur H2O w\u00e4re, dann m\u00fcsste jeder gefrorene Kristall gleich aussehen. Jede Schneeflocke weist eine perfekte geometrische Ordnung auf und dabei gleicht keine der anderen. Der bekannte japanische Wissenschaftler Masaru Emoto entdeckte bei seinen jahrelangen Studien, in denen er Quell-, Heil- und Leitungswasser an vielen Orten der Welt untersuchte, dass Wasser in der Lage ist, alle positiven und negativen Einfl\u00fcsse in seiner Struktur zu speichern. Weiterhin konnte Alexander Lauterwasser mit seinen beeindruckenden Wasserklangbildern zeigen, dass sogar im fl\u00fcssigen Wasser Strukturen sichtbar gemacht werden k\u00f6nnen.<\/p>\n<\/div><\/div><\/div><\/div><\/div><\/div><\/div><\/section><section class=\"l-section wpb_row height_small color_footer-bottom with_img parallax_fixed with_overlay\"><div class=\"l-section-img\" style=\"background-image: url(https:\/\/iq-well.info\/wp-content\/uploads\/2017\/10\/iq-well-1.png);\" data-img-width=\"1920\" data-img-height=\"1080\"><\/div><div class=\"l-section-overlay\" style=\"background: rgba(255,255,255,0.5)\"><\/div><div class=\"l-section-h i-cf\"><div class=\"g-cols vc_row type_default valign_top\"><div class=\"vc_col-sm-4 wpb_column vc_column_container animate_afc\" style=\"animation-delay:0.2s;\"><div class=\"vc_column-inner\"><div class=\"wpb_wrapper\"><div class=\"w-image style_outlined align_center\"><div class=\"w-image-h\"><img width=\"256\" height=\"400\" src=\"https:\/\/iq-well.info\/wp-content\/uploads\/2017\/11\/strukturiertes_wasser_10-1.jpg\" class=\"attachment-full size-full\" alt=\"\" decoding=\"async\" loading=\"lazy\" srcset=\"https:\/\/iq-well.info\/wp-content\/uploads\/2017\/11\/strukturiertes_wasser_10-1.jpg 256w, https:\/\/iq-well.info\/wp-content\/uploads\/2017\/11\/strukturiertes_wasser_10-1-192x300.jpg 192w\" sizes=\"(max-width: 256px) 100vw, 256px\" \/><\/div><\/div><\/div><\/div><\/div><div class=\"vc_col-sm-4 wpb_column vc_column_container animate_afc\" style=\"animation-delay:0.4s;\"><div class=\"vc_column-inner\"><div class=\"wpb_wrapper\"><div class=\"w-image style_outlined align_center\"><div class=\"w-image-h\"><img width=\"333\" height=\"400\" src=\"https:\/\/iq-well.info\/wp-content\/uploads\/2017\/11\/strukturiertes_wasser_11-1.jpg\" class=\"attachment-full size-full\" alt=\"\" decoding=\"async\" loading=\"lazy\" srcset=\"https:\/\/iq-well.info\/wp-content\/uploads\/2017\/11\/strukturiertes_wasser_11-1.jpg 333w, https:\/\/iq-well.info\/wp-content\/uploads\/2017\/11\/strukturiertes_wasser_11-1-250x300.jpg 250w\" sizes=\"(max-width: 333px) 100vw, 333px\" \/><\/div><\/div><\/div><\/div><\/div><div class=\"vc_col-sm-4 wpb_column vc_column_container animate_afc\" style=\"animation-delay:0.6s;\"><div class=\"vc_column-inner\"><div class=\"wpb_wrapper\"><div class=\"w-image style_outlined align_center\"><div class=\"w-image-h\"><img width=\"238\" height=\"400\" src=\"https:\/\/iq-well.info\/wp-content\/uploads\/2017\/11\/strukturiertes_wasser_12-1.jpg\" class=\"attachment-full size-full\" alt=\"\" decoding=\"async\" loading=\"lazy\" srcset=\"https:\/\/iq-well.info\/wp-content\/uploads\/2017\/11\/strukturiertes_wasser_12-1.jpg 238w, https:\/\/iq-well.info\/wp-content\/uploads\/2017\/11\/strukturiertes_wasser_12-1-179x300.jpg 179w\" sizes=\"(max-width: 238px) 100vw, 238px\" \/><\/div><\/div><\/div><\/div><\/div><\/div><\/div><\/section><section class=\"l-section wpb_row height_small\"><div class=\"l-section-h i-cf\"><div class=\"g-cols vc_row type_default valign_top\"><div class=\"vc_col-sm-12 wpb_column vc_column_container animate_afl\" style=\"animation-delay:0.2s;\"><div class=\"vc_column-inner\"><div class=\"wpb_wrapper\"><div class=\"wpb_text_column\" ><div class=\"wpb_wrapper\"><div id=\"pu99243\" class=\"clearfix colelem\" style=\"text-align: justify;\">So ist das Wasser nicht nur das Nahrungsmittel Nummer eins, sondern auch Informationstr\u00e4ger Nummer eins. Wasser ist Leben, und man kann positive Schwingungen aufs Wasser \u00fcbertragen. Will man dem Wasser allerdings lebensspendende Informationen vermitteln, ist die Strukturierung mit MMW Ger\u00e4te eine wichtige Methode.<\/div>\n<\/div><\/div><\/div><\/div><\/div><\/div><\/div><\/section>\n","protected":false},"excerpt":{"rendered":"Ged\u00e4chtnis des Wassers Wenn Wasser tats\u00e4chlich nur H2O w\u00e4re, dann m\u00fcsste jeder gefrorene Kristall gleich aussehen. Jede Schneeflocke weist eine perfekte geometrische Ordnung auf und dabei gleicht keine der anderen. Der bekannte japanische Wissenschaftler Masaru Emoto entdeckte bei seinen jahrelangen Studien, in denen er Quell-, Heil- und Leitungswasser an vielen Orten der Welt untersuchte, dass...","protected":false},"author":1,"featured_media":0,"parent":0,"menu_order":0,"comment_status":"closed","ping_status":"closed","template":"","meta":{"footnotes":""},"_links":{"self":[{"href":"https:\/\/iq-well.info\/index.php?rest_route=\/wp\/v2\/pages\/8304"}],"collection":[{"href":"https:\/\/iq-well.info\/index.php?rest_route=\/wp\/v2\/pages"}],"about":[{"href":"https:\/\/iq-well.info\/index.php?rest_route=\/wp\/v2\/types\/page"}],"author":[{"embeddable":true,"href":"https:\/\/iq-well.info\/index.php?rest_route=\/wp\/v2\/users\/1"}],"replies":[{"embeddable":true,"href":"https:\/\/iq-well.info\/index.php?rest_route=%2Fwp%2Fv2%2Fcomments&post=8304"}],"version-history":[{"count":2,"href":"https:\/\/iq-well.info\/index.php?rest_route=\/wp\/v2\/pages\/8304\/revisions"}],"predecessor-version":[{"id":8318,"href":"https:\/\/iq-well.info\/index.php?rest_route=\/wp\/v2\/pages\/8304\/revisions\/8318"}],"wp:attachment":[{"href":"https:\/\/iq-well.info\/index.php?rest_route=%2Fwp%2Fv2%2Fmedia&parent=8304"}],"curies":[{"name":"wp","href":"https:\/\/api.w.org\/{rel}","templated":true}]}}