{"id":8305,"date":"2020-06-19T08:56:52","date_gmt":"2020-06-19T08:56:52","guid":{"rendered":"https:\/\/iq-well.info\/?page_id=8305"},"modified":"2020-06-19T08:57:32","modified_gmt":"2020-06-19T08:57:32","slug":"wasser-wasser-speichert-informationen","status":"publish","type":"page","link":"https:\/\/iq-well.info\/?page_id=8305","title":{"rendered":"Wasser &#8211; Wasser speichert Informationen"},"content":{"rendered":"<section class=\"l-section wpb_row height_small\"><div class=\"l-section-h i-cf\"><div class=\"g-cols vc_row type_default valign_top\"><div class=\"vc_col-sm-12 wpb_column vc_column_container animate_afl\" style=\"animation-delay:0.2s;\"><div class=\"vc_column-inner\"><div class=\"wpb_wrapper\"><div class=\"wpb_text_column\" ><div class=\"wpb_wrapper\"><div id=\"u99126-7\" class=\"IQ-WELL-Standarttext Text-Color-Lighter-Shade clearfix colelem\">\n<h2 id=\"u99179-2\" style=\"text-align: center;\"><span style=\"color: #3366ff;\">Wasser speichert Informationen<\/span><\/h2>\n<p id=\"u99179-5\">Wenn man bedenkt, dass Wasser bei 4\u00b0C seine h\u00f6chste Dichte hat und damit am schwersten ist, ist es erstaunlich, dass nat\u00fcrliches Gebirgsquellwasser bei 4\u00b0C die Erde verl\u00e4sst.<\/p>\n<\/div>\n<\/div><\/div><\/div><\/div><\/div><\/div><\/div><\/section><section class=\"l-section wpb_row height_small color_footer-bottom with_img parallax_fixed with_overlay\"><div class=\"l-section-img\" style=\"background-image: url(https:\/\/iq-well.info\/wp-content\/uploads\/2017\/10\/iq-well-1.png);\" data-img-width=\"1920\" data-img-height=\"1080\"><\/div><div class=\"l-section-overlay\" style=\"background: rgba(255,255,255,0.5)\"><\/div><div class=\"l-section-h i-cf\"><div class=\"g-cols vc_row type_default valign_top\"><div class=\"vc_col-sm-12 wpb_column vc_column_container animate_afc\" style=\"animation-delay:0.2s;\"><div class=\"vc_column-inner\"><div class=\"wpb_wrapper\"><div class=\"w-image style_outlined align_center animate_afc\"><div class=\"w-image-h\"><img width=\"619\" height=\"400\" src=\"https:\/\/iq-well.info\/wp-content\/uploads\/2017\/11\/strukturiertes_wasser_6-1.jpg\" class=\"attachment-full size-full\" alt=\"\" decoding=\"async\" loading=\"lazy\" srcset=\"https:\/\/iq-well.info\/wp-content\/uploads\/2017\/11\/strukturiertes_wasser_6-1.jpg 619w, https:\/\/iq-well.info\/wp-content\/uploads\/2017\/11\/strukturiertes_wasser_6-1-300x194.jpg 300w, https:\/\/iq-well.info\/wp-content\/uploads\/2017\/11\/strukturiertes_wasser_6-1-600x388.jpg 600w\" sizes=\"(max-width: 619px) 100vw, 619px\" \/><\/div><\/div><\/div><\/div><\/div><\/div><\/div><\/section><section class=\"l-section wpb_row height_small\"><div class=\"l-section-h i-cf\"><div class=\"g-cols vc_row type_default valign_top\"><div class=\"vc_col-sm-12 wpb_column vc_column_container animate_afl\" style=\"animation-delay:0.2s;\"><div class=\"vc_column-inner\"><div class=\"wpb_wrapper\"><div class=\"wpb_text_column\" ><div class=\"wpb_wrapper\"><div id=\"u99126-7\" class=\"IQ-WELL-Standarttext Text-Color-Lighter-Shade clearfix colelem\">\n<p id=\"u99193-2\" style=\"text-align: justify;\">Die Kraft, die dieses Wasser aus der Erde treibt, ist die Kraft, die wir sp\u00fcren, wenn wir bioenergetisch hochwertiges Wasser trinken. Die beste nat\u00fcrliche Quelle ist Gletscher-Wasser!<\/p>\n<p id=\"u99193-4\" style=\"text-align: justify;\">Doch woraus besteht Wasser genau? Chemisch betrachtet ist Wasser einfach. Es ist ein Verbund aus einem Teil Sauerstoff (O) und zwei Teilen Wasserstoff (H). Die beiden Wasserstoffatome sind so an das Sauerstoffatom gebunden, dass ein gleichschenkliges Dreieck mit einem Winkel von 104,7\u00b0 entsteht. Diese einzigartige Geometrie steht in direktem Zusammenhang mit den Pyramidenma\u00dfen. Schon allein diese Erkenntnis ist von gr\u00f6\u00dfter Bedeutung, wenn man bedenkt, dass in den Ma\u00dfen der Pyramide von Gizeh ein Abbild des Kosmos zu finden ist.<\/p>\n<p id=\"u99193-6\" style=\"text-align: justify;\">Wassermolek\u00fcle sind elektrisch polarisiert, das hei\u00dft, sie haben einen Plus- und einen Minuspol. Wasser ist demnach ein Minimagnet. Deshalb ziehen sich Wassermolek\u00fcle gegenseitig an und bilden Molek\u00fclhaufen, sogenannte Cluster.<\/p>\n<p id=\"u99193-8\" style=\"text-align: justify;\">Wasser kann so unterschiedlich komplexe Strukturen bilden und in deren unterschiedlichen Aufbau Informationen speichern.<\/p>\n<p id=\"u99193-10\" style=\"text-align: justify;\">Wissenschaftler haben l\u00e4ngst herausgefunden, dass die Clusterstrukturen im Wasser als Speicher dienen, in denen das Wasser alle Informationen speichert, mit denen es in Kontakt gekommen ist. Dr. Ludwig meinte dazu: \u201eDas Wasser hat ein Ged\u00e4chtnis wie ein Elefant\u201c\u00a0 So kann Wasser Bio-Informationen aufnehmen, speichern und an den K\u00f6rper weiterleiten.<\/p>\n<p id=\"u99193-12\" style=\"text-align: justify;\">Das bedeutet, dass selbst die sch\u00e4dlichen Stoffe, die vom Wasserwerk herausgefiltert werden, immer noch eine negative Informationen haben k\u00f6nnten.<\/p>\n<h3 id=\"u99193-15\" style=\"text-align: center;\"><span style=\"color: #3366ff;\">Wasser kann Informationen wahrnehmen, aufbewahren und weitergeben.<\/span><\/h3>\n<\/div>\n<\/div><\/div><\/div><\/div><\/div><\/div><\/div><\/section><section class=\"l-section wpb_row height_small color_footer-bottom with_img parallax_fixed with_overlay\"><div class=\"l-section-img\" style=\"background-image: url(https:\/\/iq-well.info\/wp-content\/uploads\/2017\/10\/iq-well-1.png);\" data-img-width=\"1920\" data-img-height=\"1080\"><\/div><div class=\"l-section-overlay\" style=\"background: rgba(255,255,255,0.5)\"><\/div><div class=\"l-section-h i-cf\"><div class=\"g-cols vc_row type_default valign_top\"><div class=\"vc_col-sm-6 wpb_column vc_column_container animate_afc\" style=\"animation-delay:0.2s;\"><div class=\"vc_column-inner\"><div class=\"wpb_wrapper\"><div class=\"w-image style_outlined align_center animate_afc\"><div class=\"w-image-h\"><img width=\"628\" height=\"400\" src=\"https:\/\/iq-well.info\/wp-content\/uploads\/2017\/11\/strukturiertes_wasser_7-1.jpg\" class=\"attachment-full size-full\" alt=\"\" decoding=\"async\" loading=\"lazy\" srcset=\"https:\/\/iq-well.info\/wp-content\/uploads\/2017\/11\/strukturiertes_wasser_7-1.jpg 628w, https:\/\/iq-well.info\/wp-content\/uploads\/2017\/11\/strukturiertes_wasser_7-1-300x191.jpg 300w, https:\/\/iq-well.info\/wp-content\/uploads\/2017\/11\/strukturiertes_wasser_7-1-600x382.jpg 600w\" sizes=\"(max-width: 628px) 100vw, 628px\" \/><\/div><\/div><\/div><\/div><\/div><div class=\"vc_col-sm-6 wpb_column vc_column_container animate_afc\" style=\"animation-delay:0.4s;\"><div class=\"vc_column-inner type_sticky\"><div class=\"wpb_wrapper\"><div class=\"w-image style_outlined align_center animate_afc\" style=\"animation-delay:0.2s;\"><div class=\"w-image-h\"><img width=\"400\" height=\"400\" src=\"https:\/\/iq-well.info\/wp-content\/uploads\/2017\/11\/strukturiertes_wasser_8-1.jpg\" class=\"attachment-full size-full\" alt=\"\" decoding=\"async\" loading=\"lazy\" srcset=\"https:\/\/iq-well.info\/wp-content\/uploads\/2017\/11\/strukturiertes_wasser_8-1.jpg 400w, https:\/\/iq-well.info\/wp-content\/uploads\/2017\/11\/strukturiertes_wasser_8-1-300x300.jpg 300w, https:\/\/iq-well.info\/wp-content\/uploads\/2017\/11\/strukturiertes_wasser_8-1-150x150.jpg 150w\" sizes=\"(max-width: 400px) 100vw, 400px\" \/><\/div><\/div><\/div><\/div><\/div><\/div><\/div><\/section>\n","protected":false},"excerpt":{"rendered":"Wasser speichert Informationen Wenn man bedenkt, dass Wasser bei 4\u00b0C seine h\u00f6chste Dichte hat und damit am schwersten ist, ist es erstaunlich, dass nat\u00fcrliches Gebirgsquellwasser bei 4\u00b0C die Erde verl\u00e4sst. Die Kraft, die dieses Wasser aus der Erde treibt, ist die Kraft, die wir sp\u00fcren, wenn wir bioenergetisch hochwertiges Wasser trinken. Die beste nat\u00fcrliche Quelle...","protected":false},"author":1,"featured_media":0,"parent":0,"menu_order":0,"comment_status":"closed","ping_status":"closed","template":"","meta":{"footnotes":""},"_links":{"self":[{"href":"https:\/\/iq-well.info\/index.php?rest_route=\/wp\/v2\/pages\/8305"}],"collection":[{"href":"https:\/\/iq-well.info\/index.php?rest_route=\/wp\/v2\/pages"}],"about":[{"href":"https:\/\/iq-well.info\/index.php?rest_route=\/wp\/v2\/types\/page"}],"author":[{"embeddable":true,"href":"https:\/\/iq-well.info\/index.php?rest_route=\/wp\/v2\/users\/1"}],"replies":[{"embeddable":true,"href":"https:\/\/iq-well.info\/index.php?rest_route=%2Fwp%2Fv2%2Fcomments&post=8305"}],"version-history":[{"count":2,"href":"https:\/\/iq-well.info\/index.php?rest_route=\/wp\/v2\/pages\/8305\/revisions"}],"predecessor-version":[{"id":8315,"href":"https:\/\/iq-well.info\/index.php?rest_route=\/wp\/v2\/pages\/8305\/revisions\/8315"}],"wp:attachment":[{"href":"https:\/\/iq-well.info\/index.php?rest_route=%2Fwp%2Fv2%2Fmedia&parent=8305"}],"curies":[{"name":"wp","href":"https:\/\/api.w.org\/{rel}","templated":true}]}}