{"id":8323,"date":"2020-06-19T09:16:03","date_gmt":"2020-06-19T09:16:03","guid":{"rendered":"https:\/\/iq-well.info\/?page_id=8323"},"modified":"2020-06-19T09:16:03","modified_gmt":"2020-06-19T09:16:03","slug":"wasser-methoden-der-wasservitalisierung","status":"publish","type":"page","link":"https:\/\/iq-well.info\/?page_id=8323","title":{"rendered":"Wasser &#8211; Methoden der Wasservitalisierung"},"content":{"rendered":"<section class=\"l-section wpb_row height_small\"><div class=\"l-section-h i-cf\"><div class=\"g-cols vc_row type_default valign_top\"><div class=\"vc_col-sm-12 wpb_column vc_column_container animate_afl\" style=\"animation-delay:0.2s;\"><div class=\"vc_column-inner\"><div class=\"wpb_wrapper\"><div class=\"wpb_text_column\" ><div class=\"wpb_wrapper\"><h2 id=\"u99296-2\" style=\"text-align: center;\"><span style=\"color: #3366ff;\">Methoden der Wasservitalisierung<\/span><\/h2>\n<p id=\"u99296-5\" style=\"text-align: justify;\">Heute spricht man viel dar\u00fcber, Wasser zu energetisieren, zu vitalisieren, zu beleben, zu veredeln und zu strukturieren. Grundlegend kann man hier sagen, dass die unterschiedlichen Technologien das gleiche Ziel verfolgen:<\/p>\n<h3 id=\"u99296-8\" style=\"text-align: center;\"><span style=\"color: #3366ff;\">Wasser in einen energetisch und strukturell besseren Zustand zu bringen.<\/span><\/h3>\n<p id=\"u99296-11\" style=\"text-align: justify;\">Verfahren, die energetische Programmierung von Wasser zu verbessern, bestehen in der \u00dcbertragung von Schwingungen. Dadurch wird eine deutliche Verbesserung der energetischen Beschaffenheit des Wassers erreicht.<\/p>\n<\/div><\/div><\/div><\/div><\/div><\/div><\/div><\/section><section class=\"l-section wpb_row height_small color_footer-bottom with_img parallax_fixed with_overlay\"><div class=\"l-section-img\" style=\"background-image: url(https:\/\/iq-well.info\/wp-content\/uploads\/2017\/10\/iq-well-1.png);\" data-img-width=\"1920\" data-img-height=\"1080\"><\/div><div class=\"l-section-overlay\" style=\"background: rgba(255,255,255,0.5)\"><\/div><div class=\"l-section-h i-cf\"><div class=\"g-cols vc_row type_default valign_top\"><div class=\"vc_col-sm-12 wpb_column vc_column_container animate_afc\" style=\"animation-delay:0.2s;\"><div class=\"vc_column-inner\"><div class=\"wpb_wrapper\"><div class=\"w-image style_outlined align_center\"><div class=\"w-image-h\"><img width=\"1217\" height=\"400\" src=\"https:\/\/iq-well.info\/wp-content\/uploads\/2017\/11\/strukturiertes_wasser_14-1.jpg\" class=\"attachment-full size-full\" alt=\"\" decoding=\"async\" loading=\"lazy\" srcset=\"https:\/\/iq-well.info\/wp-content\/uploads\/2017\/11\/strukturiertes_wasser_14-1.jpg 1217w, https:\/\/iq-well.info\/wp-content\/uploads\/2017\/11\/strukturiertes_wasser_14-1-300x99.jpg 300w, https:\/\/iq-well.info\/wp-content\/uploads\/2017\/11\/strukturiertes_wasser_14-1-1024x337.jpg 1024w, https:\/\/iq-well.info\/wp-content\/uploads\/2017\/11\/strukturiertes_wasser_14-1-600x197.jpg 600w, https:\/\/iq-well.info\/wp-content\/uploads\/2017\/11\/strukturiertes_wasser_14-1-768x252.jpg 768w\" sizes=\"(max-width: 1217px) 100vw, 1217px\" \/><\/div><\/div><\/div><\/div><\/div><\/div><\/div><\/section><section class=\"l-section wpb_row height_small\"><div class=\"l-section-h i-cf\"><div class=\"g-cols vc_row type_default valign_top\"><div class=\"vc_col-sm-12 wpb_column vc_column_container animate_afl\" style=\"animation-delay:0.2s;\"><div class=\"vc_column-inner\"><div class=\"wpb_wrapper\"><div class=\"wpb_text_column\" ><div class=\"wpb_wrapper\"><div id=\"pu99243\" class=\"clearfix colelem\" style=\"text-align: justify;\">F\u00fcr die Beurteilung ob eine Vitalisierung aus ganzheitlich biologischer Sicht optimal ist, m\u00fcssen unterschiedliche Parameter zur Qualit\u00e4tsbeurteilung herangezogen werden. Dazu hat die Forschung spezielle Messmethoden mit hoher Aussagef\u00e4higkeit entwickelt, wie die Biophotonenmessung nach Dr. Popp, die Hautwiderstandsmessungen nach Dr. Voll, das Color-Plate-Verfahren, die Kinesiologie, die Oberon-Diagnostik, sowie die Mikroskopie.<\/div>\n<\/div><\/div><\/div><\/div><\/div><\/div><\/div><\/section>\n","protected":false},"excerpt":{"rendered":"Methoden der Wasservitalisierung Heute spricht man viel dar\u00fcber, Wasser zu energetisieren, zu vitalisieren, zu beleben, zu veredeln und zu strukturieren. Grundlegend kann man hier sagen, dass die unterschiedlichen Technologien das gleiche Ziel verfolgen: Wasser in einen energetisch und strukturell besseren Zustand zu bringen. Verfahren, die energetische Programmierung von Wasser zu verbessern, bestehen in der \u00dcbertragung...","protected":false},"author":1,"featured_media":0,"parent":0,"menu_order":0,"comment_status":"closed","ping_status":"closed","template":"","meta":{"footnotes":""},"_links":{"self":[{"href":"https:\/\/iq-well.info\/index.php?rest_route=\/wp\/v2\/pages\/8323"}],"collection":[{"href":"https:\/\/iq-well.info\/index.php?rest_route=\/wp\/v2\/pages"}],"about":[{"href":"https:\/\/iq-well.info\/index.php?rest_route=\/wp\/v2\/types\/page"}],"author":[{"embeddable":true,"href":"https:\/\/iq-well.info\/index.php?rest_route=\/wp\/v2\/users\/1"}],"replies":[{"embeddable":true,"href":"https:\/\/iq-well.info\/index.php?rest_route=%2Fwp%2Fv2%2Fcomments&post=8323"}],"version-history":[{"count":1,"href":"https:\/\/iq-well.info\/index.php?rest_route=\/wp\/v2\/pages\/8323\/revisions"}],"predecessor-version":[{"id":8324,"href":"https:\/\/iq-well.info\/index.php?rest_route=\/wp\/v2\/pages\/8323\/revisions\/8324"}],"wp:attachment":[{"href":"https:\/\/iq-well.info\/index.php?rest_route=%2Fwp%2Fv2%2Fmedia&parent=8323"}],"curies":[{"name":"wp","href":"https:\/\/api.w.org\/{rel}","templated":true}]}}