{"id":8328,"date":"2020-06-19T09:44:33","date_gmt":"2020-06-19T09:44:33","guid":{"rendered":"https:\/\/iq-well.info\/?page_id=8328"},"modified":"2020-06-19T09:45:54","modified_gmt":"2020-06-19T09:45:54","slug":"lebenswellen-innovative-methode-fuer-den-schutz-des-menschlichen-organismus","status":"publish","type":"page","link":"https:\/\/iq-well.info\/?page_id=8328","title":{"rendered":"Lebenswellen &#8211; innovative Methode f\u00fcr den Schutz des menschlichen Organismus"},"content":{"rendered":"<section class=\"l-section wpb_row height_small\"><div class=\"l-section-h i-cf\"><div class=\"g-cols vc_row type_default valign_top\"><div class=\"vc_col-sm-12 wpb_column vc_column_container animate_afl\" style=\"animation-delay:0.2s;\"><div class=\"vc_column-inner\"><div class=\"wpb_wrapper\"><div class=\"wpb_text_column\" ><div class=\"wpb_wrapper\"><h3 id=\"u98203-2\" style=\"text-align: center;\"><span style=\"color: #3366ff;\">Innovative Methode\u00a0 f\u00fcr den\u00a0 Schutz des menschlichen Organismus<\/span><\/h3>\n<p style=\"text-align: justify;\">Unsere Umwelt hat sich ver\u00e4ndert. Verunreinigung\u00a0 durch chemische Stoffe und die Zunahme der \u201eVerschmutzung\u201c im Bereich der elektromagnetischen Felder. Das ist weitgehend bekannt.<\/p>\n<p style=\"text-align: justify;\">Die St\u00f6rungen ver\u00e4ndern im Laufe der Zeit die Funktionsf\u00e4higkeit der Organe und Organsysteme, sei es durch Alterung, mangelnde Bewegung, einseitige Ern\u00e4hrung, Umwelteinfl\u00fcsse, Medikamente mit Nebenwirkungen bis hin zu Unf\u00e4llen, Operationen, degenerativen Krankheiten.<\/p>\n<p style=\"text-align: justify;\">Die ersten Ver\u00e4nderungen konnte man bei den Bakterien und Viren beobachten.<\/p>\n<p style=\"text-align: justify;\">F\u00fcr den\u00a0 Schutz des menschlichen Organismus wurden die zukunftsorientierten\u00a0 Produkte aus der russischen Weltraumforschung auf der Basis der Bioinformation und Quanten-Technologie entwickelt.<\/p>\n<p style=\"text-align: justify;\">Sie helfen bei\u00a0 der Bew\u00e4ltigung von Stress,\u00a0 unterst\u00fctzen den Abbau von Spannungen und Nervosit\u00e4t. Beschwerden unterschiedlichster Art werden gelindert. &#8222;Wasser\u201c\u00a0 und \u201eProdukte auf Wasserbasis\u201c werden strukturiert. Vitalit\u00e4t, Leistungsf\u00e4higkeit und Kondition werden gest\u00e4rkt, Akupunktur-Punkte und Meridiane\u00a0 aktiviert.<\/p>\n<\/div><\/div><\/div><\/div><\/div><\/div><\/div><\/section>\n","protected":false},"excerpt":{"rendered":"Innovative Methode\u00a0 f\u00fcr den\u00a0 Schutz des menschlichen Organismus Unsere Umwelt hat sich ver\u00e4ndert. Verunreinigung\u00a0 durch chemische Stoffe und die Zunahme der \u201eVerschmutzung\u201c im Bereich der elektromagnetischen Felder. Das ist weitgehend bekannt. Die St\u00f6rungen ver\u00e4ndern im Laufe der Zeit die Funktionsf\u00e4higkeit der Organe und Organsysteme, sei es durch Alterung, mangelnde Bewegung, einseitige Ern\u00e4hrung, Umwelteinfl\u00fcsse, Medikamente mit...","protected":false},"author":1,"featured_media":0,"parent":0,"menu_order":0,"comment_status":"closed","ping_status":"closed","template":"","meta":{"footnotes":""},"_links":{"self":[{"href":"https:\/\/iq-well.info\/index.php?rest_route=\/wp\/v2\/pages\/8328"}],"collection":[{"href":"https:\/\/iq-well.info\/index.php?rest_route=\/wp\/v2\/pages"}],"about":[{"href":"https:\/\/iq-well.info\/index.php?rest_route=\/wp\/v2\/types\/page"}],"author":[{"embeddable":true,"href":"https:\/\/iq-well.info\/index.php?rest_route=\/wp\/v2\/users\/1"}],"replies":[{"embeddable":true,"href":"https:\/\/iq-well.info\/index.php?rest_route=%2Fwp%2Fv2%2Fcomments&post=8328"}],"version-history":[{"count":1,"href":"https:\/\/iq-well.info\/index.php?rest_route=\/wp\/v2\/pages\/8328\/revisions"}],"predecessor-version":[{"id":8338,"href":"https:\/\/iq-well.info\/index.php?rest_route=\/wp\/v2\/pages\/8328\/revisions\/8338"}],"wp:attachment":[{"href":"https:\/\/iq-well.info\/index.php?rest_route=%2Fwp%2Fv2%2Fmedia&parent=8328"}],"curies":[{"name":"wp","href":"https:\/\/api.w.org\/{rel}","templated":true}]}}