{"id":8331,"date":"2020-06-19T09:55:05","date_gmt":"2020-06-19T09:55:05","guid":{"rendered":"https:\/\/iq-well.info\/?page_id=8331"},"modified":"2020-06-19T09:55:05","modified_gmt":"2020-06-19T09:55:05","slug":"lebenswellen-entwicklungsrichtungen-in-der-millimeterwellentechnologie","status":"publish","type":"page","link":"https:\/\/iq-well.info\/?page_id=8331","title":{"rendered":"Lebenswellen &#8211; Entwicklungsrichtungen in der Millimeterwellentechnologie"},"content":{"rendered":"<section class=\"l-section wpb_row height_small\"><div class=\"l-section-h i-cf\"><div class=\"g-cols vc_row type_default valign_top\"><div class=\"vc_col-sm-12 wpb_column vc_column_container animate_afl\" style=\"animation-delay:0.2s;\"><div class=\"vc_column-inner\"><div class=\"wpb_wrapper\"><div class=\"wpb_text_column\" ><div class=\"wpb_wrapper\"><div id=\"u99126-7\" class=\"IQ-WELL-Standarttext Text-Color-Lighter-Shade clearfix colelem\">\n<h2 id=\"u98786-2\" style=\"text-align: center;\"><span style=\"color: #3366ff;\">Entwicklungsrichtungen in der Millimeterwellen-Technologie<\/span><\/h2>\n<p style=\"text-align: justify;\">Eine Weiterentwicklung der allgemeinen Millimeterwellen-Technologie\u00a0 ist die Anwendung spezieller Halbleiterelemente, die technologisch relativ kompliziert herzustellen sind und deshalb erst in j\u00fcngster Zeit zur Verf\u00fcgung stehen. Erst Ende der 90er Jahre hat man Methoden und Ger\u00e4te entwickelt, um Kristalle herzustellen, die die F\u00e4higkeit haben, Informationen zu speichern.<\/p>\n<p style=\"text-align: justify;\">Seit vielen Jahren wird diese Technologie in der Forschung und Entwicklung angewandt, hat viele Studien bestanden und seine Effektivit\u00e4t gezeigt.<\/p>\n<\/div>\n<\/div><\/div><\/div><\/div><\/div><\/div><\/div><\/section>\n","protected":false},"excerpt":{"rendered":"Entwicklungsrichtungen in der Millimeterwellen-Technologie Eine Weiterentwicklung der allgemeinen Millimeterwellen-Technologie\u00a0 ist die Anwendung spezieller Halbleiterelemente, die technologisch relativ kompliziert herzustellen sind und deshalb erst in j\u00fcngster Zeit zur Verf\u00fcgung stehen. Erst Ende der 90er Jahre hat man Methoden und Ger\u00e4te entwickelt, um Kristalle herzustellen, die die F\u00e4higkeit haben, Informationen zu speichern. Seit vielen Jahren wird diese...","protected":false},"author":1,"featured_media":0,"parent":0,"menu_order":0,"comment_status":"closed","ping_status":"closed","template":"","meta":{"footnotes":""},"_links":{"self":[{"href":"https:\/\/iq-well.info\/index.php?rest_route=\/wp\/v2\/pages\/8331"}],"collection":[{"href":"https:\/\/iq-well.info\/index.php?rest_route=\/wp\/v2\/pages"}],"about":[{"href":"https:\/\/iq-well.info\/index.php?rest_route=\/wp\/v2\/types\/page"}],"author":[{"embeddable":true,"href":"https:\/\/iq-well.info\/index.php?rest_route=\/wp\/v2\/users\/1"}],"replies":[{"embeddable":true,"href":"https:\/\/iq-well.info\/index.php?rest_route=%2Fwp%2Fv2%2Fcomments&post=8331"}],"version-history":[{"count":1,"href":"https:\/\/iq-well.info\/index.php?rest_route=\/wp\/v2\/pages\/8331\/revisions"}],"predecessor-version":[{"id":8347,"href":"https:\/\/iq-well.info\/index.php?rest_route=\/wp\/v2\/pages\/8331\/revisions\/8347"}],"wp:attachment":[{"href":"https:\/\/iq-well.info\/index.php?rest_route=%2Fwp%2Fv2%2Fmedia&parent=8331"}],"curies":[{"name":"wp","href":"https:\/\/api.w.org\/{rel}","templated":true}]}}